{"id":8738,"date":"2019-05-21T17:45:34","date_gmt":"2019-05-21T14:45:34","guid":{"rendered":"http:\/\/alfadestek.com\/soylumetal\/?page_id=8738"},"modified":"2022-06-07T14:17:31","modified_gmt":"2022-06-07T11:17:31","slug":"kosebent","status":"publish","type":"page","link":"https:\/\/www.soylumetal.com.tr\/en\/index.php\/urunler\/kosebent-lama-demiri\/kosebent\/","title":{"rendered":"STELL EQUAL ANGELS"},"content":{"rendered":"<p><img loading=\"lazy\" class=\"size-medium wp-image-8740 alignleft\" src=\"http:\/\/alfadestek.com\/soylumetal\/wp-content\/uploads\/2019\/05\/timthumb-1-1-300x168.jpg\" alt=\"\" width=\"300\" height=\"168\" srcset=\"https:\/\/www.soylumetal.com.tr\/en\/wp-content\/uploads\/2019\/05\/timthumb-1-1-300x168.jpg 300w, https:\/\/www.soylumetal.com.tr\/en\/wp-content\/uploads\/2019\/05\/timthumb-1-1.jpg 310w\" sizes=\"(max-width: 300px) 100vw, 300px\" \/><\/p>\n<p>&nbsp;<\/p>\n<p>All kinds of steel equal angels<\/p>\n<p><img loading=\"lazy\" class=\"alignnone wp-image-8739 size-full\" src=\"http:\/\/alfadestek.com\/soylumetal\/wp-content\/uploads\/2019\/05\/E\u015eKENAR-K\u00d6\u015eEBENT.jpg\" alt=\"\" width=\"744\" height=\"1079\" srcset=\"https:\/\/www.soylumetal.com.tr\/en\/wp-content\/uploads\/2019\/05\/E\u015eKENAR-K\u00d6\u015eEBENT.jpg 744w, https:\/\/www.soylumetal.com.tr\/en\/wp-content\/uploads\/2019\/05\/E\u015eKENAR-K\u00d6\u015eEBENT-207x300.jpg 207w, https:\/\/www.soylumetal.com.tr\/en\/wp-content\/uploads\/2019\/05\/E\u015eKENAR-K\u00d6\u015eEBENT-706x1024.jpg 706w, https:\/\/www.soylumetal.com.tr\/en\/wp-content\/uploads\/2019\/05\/E\u015eKENAR-K\u00d6\u015eEBENT-600x870.jpg 600w\" sizes=\"(max-width: 744px) 100vw, 744px\" \/><\/p>\n","protected":false},"excerpt":{"rendered":"<p>&nbsp; All kinds of steel equal angels<\/p>\n","protected":false},"author":1,"featured_media":8740,"parent":8689,"menu_order":0,"comment_status":"closed","ping_status":"closed","template":"","meta":[],"_links":{"self":[{"href":"https:\/\/www.soylumetal.com.tr\/en\/index.php\/wp-json\/wp\/v2\/pages\/8738"}],"collection":[{"href":"https:\/\/www.soylumetal.com.tr\/en\/index.php\/wp-json\/wp\/v2\/pages"}],"about":[{"href":"https:\/\/www.soylumetal.com.tr\/en\/index.php\/wp-json\/wp\/v2\/types\/page"}],"author":[{"embeddable":true,"href":"https:\/\/www.soylumetal.com.tr\/en\/index.php\/wp-json\/wp\/v2\/users\/1"}],"replies":[{"embeddable":true,"href":"https:\/\/www.soylumetal.com.tr\/en\/index.php\/wp-json\/wp\/v2\/comments?post=8738"}],"version-history":[{"count":1,"href":"https:\/\/www.soylumetal.com.tr\/en\/index.php\/wp-json\/wp\/v2\/pages\/8738\/revisions"}],"predecessor-version":[{"id":8885,"href":"https:\/\/www.soylumetal.com.tr\/en\/index.php\/wp-json\/wp\/v2\/pages\/8738\/revisions\/8885"}],"up":[{"embeddable":true,"href":"https:\/\/www.soylumetal.com.tr\/en\/index.php\/wp-json\/wp\/v2\/pages\/8689"}],"wp:featuredmedia":[{"embeddable":true,"href":"https:\/\/www.soylumetal.com.tr\/en\/index.php\/wp-json\/wp\/v2\/media\/8740"}],"wp:attachment":[{"href":"https:\/\/www.soylumetal.com.tr\/en\/index.php\/wp-json\/wp\/v2\/media?parent=8738"}],"curies":[{"name":"wp","href":"https:\/\/api.w.org\/{rel}","templated":true}]}}